{"id":4793,"date":"2021-08-19T18:55:28","date_gmt":"2021-08-19T18:55:28","guid":{"rendered":"https:\/\/craic.ca\/storia\/"},"modified":"2022-01-13T21:00:47","modified_gmt":"2022-01-13T21:00:47","slug":"storia","status":"publish","type":"page","link":"https:\/\/craic.ca\/it\/storia\/","title":{"rendered":"Storia"},"content":{"rendered":"\t\t<div data-elementor-type=\"wp-page\" data-elementor-id=\"4793\" class=\"elementor elementor-4793 elementor-2420\">\n\t\t\t\t\t\t<div class=\"elementor-inner\">\n\t\t\t\t<div class=\"elementor-section-wrap\">\n\t\t\t\t\t\t\t\t\t<section class=\"elementor-section elementor-top-section elementor-element elementor-element-1492c6f elementor-section-stretched elementor-section-boxed elementor-section-height-default elementor-section-height-default\" data-id=\"1492c6f\" data-element_type=\"section\" data-settings=\"{&quot;stretch_section&quot;:&quot;section-stretched&quot;,&quot;background_background&quot;:&quot;classic&quot;}\">\n\t\t\t\t\t\t<div class=\"elementor-container elementor-column-gap-extended\">\n\t\t\t\t\t\t\t<div class=\"elementor-row\">\n\t\t\t\t\t<div class=\"elementor-column elementor-col-100 elementor-top-column elementor-element elementor-element-ed8349c sc_layouts_column_icons_position_left\" data-id=\"ed8349c\" data-element_type=\"column\">\n\t\t\t<div class=\"elementor-column-wrap elementor-element-populated\">\n\t\t\t\t\t\t\t<div class=\"elementor-widget-wrap\">\n\t\t\t\t\t\t<div class=\"elementor-element elementor-element-733b63c sc_fly_static elementor-widget elementor-widget-spacer\" data-id=\"733b63c\" data-element_type=\"widget\" data-widget_type=\"spacer.default\">\n\t\t\t\t<div class=\"elementor-widget-container\">\n\t\t\t\t\t<div class=\"elementor-spacer\">\n\t\t\t<div class=\"elementor-spacer-inner\"><\/div>\n\t\t<\/div>\n\t\t\t\t<\/div>\n\t\t\t\t<\/div>\n\t\t\t\t<div class=\"elementor-element elementor-element-8bed489 sc_fly_static elementor-widget elementor-widget-spacer\" data-id=\"8bed489\" data-element_type=\"widget\" data-widget_type=\"spacer.default\">\n\t\t\t\t<div class=\"elementor-widget-container\">\n\t\t\t\t\t<div class=\"elementor-spacer\">\n\t\t\t<div class=\"elementor-spacer-inner\"><\/div>\n\t\t<\/div>\n\t\t\t\t<\/div>\n\t\t\t\t<\/div>\n\t\t\t\t<div class=\"elementor-element elementor-element-6fba75d sc_fly_static elementor-widget elementor-widget-text-editor\" data-id=\"6fba75d\" data-element_type=\"widget\" data-widget_type=\"text-editor.default\">\n\t\t\t\t<div class=\"elementor-widget-container\">\n\t\t\t\t\t\t\t\t<div class=\"elementor-text-editor elementor-clearfix\">\n\t\t\t\tFondato nel 1974 dall\u2019On. Marisa Ferretti Barth, il CRAIC, Consiglio Regionale delle Persone Anziane Italo-Canadesi, vanta quasi mezzo secolo di storia basata sull\u2019aiuto reciproco e sulla solidariet\u00e0. Attorno a questi valori, il CRAIC ha sviluppato una rete di club de l\u2019\u00c2ge d\u2019or (l\u2019Et\u00e0 d\u2019oro) che copre gran parte della regione del Grand Montreal. Nel corso di questi anni il firmamento dei servizi e attivit\u00e0 dell\u2019organismo si \u00e8 arricchito di una vasta quantit\u00e0 di esperienze socio-comunitarie e di progetti innovatori sempre in linea con le esigenze della Terza e Quarta Et\u00e0.\t\t\t\t\t<\/div>\n\t\t\t\t\t\t<\/div>\n\t\t\t\t<\/div>\n\t\t\t\t<div class=\"elementor-element elementor-element-76ebb9c sc_fly_static elementor-widget elementor-widget-spacer\" data-id=\"76ebb9c\" data-element_type=\"widget\" data-widget_type=\"spacer.default\">\n\t\t\t\t<div class=\"elementor-widget-container\">\n\t\t\t\t\t<div class=\"elementor-spacer\">\n\t\t\t<div class=\"elementor-spacer-inner\"><\/div>\n\t\t<\/div>\n\t\t\t\t<\/div>\n\t\t\t\t<\/div>\n\t\t\t\t<div class=\"elementor-element elementor-element-7f5c22f sc_fly_static elementor-widget elementor-widget-trx_sc_button\" data-id=\"7f5c22f\" data-element_type=\"widget\" data-widget_type=\"trx_sc_button.default\">\n\t\t\t\t<div class=\"elementor-widget-container\">\n\t\t\t<div class=\"sc_item_button sc_button_wrap sc_align_center\"><a href=\"\/it\/il-fondatore\/\" id=\"trx_sc_button_1172798321\" class=\"sc_button sc_button_default sc_button_size_normal sc_button_with_icon sc_button_icon_right\"><span class=\"sc_button_icon\"><span class=\"icon-forward\"><\/span><\/span><span class=\"sc_button_text\"><span class=\"sc_button_title\">Continua<\/span><\/span><!-- \/.sc_button_text --><\/a><!-- \/.sc_button --><\/div><!-- \/.sc_item_button -->\t\t<\/div>\n\t\t\t\t<\/div>\n\t\t\t\t<div class=\"elementor-element elementor-element-3fbc31b sc_fly_static elementor-widget elementor-widget-spacer\" data-id=\"3fbc31b\" data-element_type=\"widget\" data-widget_type=\"spacer.default\">\n\t\t\t\t<div class=\"elementor-widget-container\">\n\t\t\t\t\t<div class=\"elementor-spacer\">\n\t\t\t<div class=\"elementor-spacer-inner\"><\/div>\n\t\t<\/div>\n\t\t\t\t<\/div>\n\t\t\t\t<\/div>\n\t\t\t\t\t\t<\/div>\n\t\t\t\t\t<\/div>\n\t\t<\/div>\n\t\t\t\t\t\t\t\t<\/div>\n\t\t\t\t\t<\/div>\n\t\t<\/section>\n\t\t\t\t<section class=\"elementor-section elementor-top-section elementor-element elementor-element-ee7eb0b elementor-section-stretched elementor-section-boxed elementor-section-height-default elementor-section-height-default\" data-id=\"ee7eb0b\" data-element_type=\"section\" data-settings=\"{&quot;stretch_section&quot;:&quot;section-stretched&quot;}\">\n\t\t\t\t\t\t<div class=\"elementor-container elementor-column-gap-extended\">\n\t\t\t\t\t\t\t<div class=\"elementor-row\">\n\t\t\t\t\t<div class=\"elementor-column elementor-col-50 elementor-top-column elementor-element elementor-element-89c6642 sc_layouts_column_icons_position_left\" data-id=\"89c6642\" data-element_type=\"column\">\n\t\t\t<div class=\"elementor-column-wrap elementor-element-populated\">\n\t\t\t\t\t\t\t<div class=\"elementor-widget-wrap\">\n\t\t\t\t\t\t<div class=\"elementor-element elementor-element-44ceabe sc_fly_static elementor-widget elementor-widget-image\" data-id=\"44ceabe\" data-element_type=\"widget\" data-widget_type=\"image.default\">\n\t\t\t\t<div class=\"elementor-widget-container\">\n\t\t\t\t\t\t\t\t<div class=\"elementor-image\">\n\t\t\t\t\t\t\t\t\t\t\t\t<img decoding=\"async\" width=\"768\" height=\"517\" src=\"https:\/\/craic.ca\/wp-content\/uploads\/2021\/08\/history-768x517.jpg\" class=\"attachment-medium_large size-medium_large wp-image-4478\" alt=\"\" srcset=\"https:\/\/craic.ca\/wp-content\/uploads\/2021\/08\/history-768x517.jpg 768w, https:\/\/craic.ca\/wp-content\/uploads\/2021\/08\/history-300x202.jpg 300w, https:\/\/craic.ca\/wp-content\/uploads\/2021\/08\/history-370x249.jpg 370w, https:\/\/craic.ca\/wp-content\/uploads\/2021\/08\/history-760x512.jpg 760w, https:\/\/craic.ca\/wp-content\/uploads\/2021\/08\/history-570x384.jpg 570w, https:\/\/craic.ca\/wp-content\/uploads\/2021\/08\/history.jpg 863w\" sizes=\"(max-width: 768px) 100vw, 768px\" \/>\t\t\t\t\t\t\t\t\t\t\t\t\t\t<\/div>\n\t\t\t\t\t\t<\/div>\n\t\t\t\t<\/div>\n\t\t\t\t\t\t<\/div>\n\t\t\t\t\t<\/div>\n\t\t<\/div>\n\t\t\t\t<div class=\"elementor-column elementor-col-50 elementor-top-column elementor-element elementor-element-396dc4b sc_layouts_column_icons_position_left\" data-id=\"396dc4b\" data-element_type=\"column\">\n\t\t\t<div class=\"elementor-column-wrap elementor-element-populated\">\n\t\t\t\t\t\t\t<div class=\"elementor-widget-wrap\">\n\t\t\t\t\t\t<div class=\"elementor-element elementor-element-c9fad16 sc_fly_static elementor-widget elementor-widget-text-editor\" data-id=\"c9fad16\" data-element_type=\"widget\" data-widget_type=\"text-editor.default\">\n\t\t\t\t<div class=\"elementor-widget-container\">\n\t\t\t\t\t\t\t\t<div class=\"elementor-text-editor elementor-clearfix\">\n\t\t\t\t<p>Agli inizi degli anni \u201870 la maggior parte della popolazione anziana d\u2019origine italiana arrivata in Canada viveva in uno stato di emarginazione. Spesso ridotti a custodire la casa e i nipotini e aspettavano l\u2019arrivo del fine settimana per poter incontrare i familiari e amici. <\/p>\n<p>Gi\u00e0 impegnata nelle questioni della comunit\u00e0 italiana, l\u2019On. Marisa Ferretti Barth prese a cuore alcune istanze della terza et\u00e0. <\/p>\n<p>In seguito, con i primi Club de l\u2019\u00c2ge d\u2019or, gli anziani italo-canadesi ebbero accesso a dei luoghi d\u2019incontro, iniziando cos\u00ec a partecipare ad attivit\u00e0 di gruppo e ad integrarsi meglio nel contesto sociale quebecchese. <\/p>\n<p>Con lo sviluppo dei primi Club de l\u2019\u00c2ge d\u2019or e con la nascita di altri nacque l\u2019esigenza di un coordinamento generale. <\/p>\n<p>Cos\u00ec nel 1974 fu fondato il Consiglio Regionale delle Persone Anziane Italo-Canadesi, CRAIC. <\/p>\n<p>Dai primi 10 club de l\u2019\u00c2ge d\u2019or, nel corso degli anni, il CRAIC ha raggiunto 83 club e comitati, coprendo la maggior parte del territorio della metropoli montrealese e garantendo 30 fra programmi e servizi destinati ai suoi membri ma anche agli altri anziani di Montreal e dintorni. <\/p>\n<p>I primi servizi del CRAIC erano incentrati sulla ricerca dei locali per i club e sulla organizzazione di incontri di discussione e di attivit\u00e0 ludiche come il gioco a carte, il bingo e le bocce. Successivamente, si svilupparono, il servizio di aiuto domiciliare, le attivit\u00e0 culturali e venne creato il gruppo della corale \u201cIl Campanello d\u2019oro\u201d \u201cLa Clochette d\u2019or\u201d la cui direzione fu affidata all\u2019inizio, al fu reverendo P. Herman Crespi. <\/p>\n<p>Nel 1976 si \u00e8 realizzato il primo grande viaggio a Daytona Beach fu un successo immediato per il CRAIC che si \u00e8 riconfermato durante i viaggi successivi. Questi viaggi hanno permesso a molti anziani di uscire da Montreal e di scoprire sia il Canada che diversi altri paesi. <\/p>\n<p>Sempre nel 1976, il CRAIC inizia ad autofinanziarsi con le prime attivit\u00e0, per esempio: il Bazar del CRAIC, seguito dal progetto Mini Pasta Factory, la vendita di articoli artigianali confezionati dagli stessi anziani, la vendita di dolci casarecci ecc. <\/p>\n\t\t\t\t\t<\/div>\n\t\t\t\t\t\t<\/div>\n\t\t\t\t<\/div>\n\t\t\t\t\t\t<\/div>\n\t\t\t\t\t<\/div>\n\t\t<\/div>\n\t\t\t\t\t\t\t\t<\/div>\n\t\t\t\t\t<\/div>\n\t\t<\/section>\n\t\t\t\t<section class=\"elementor-section elementor-top-section elementor-element elementor-element-847c7bf elementor-section-boxed elementor-section-height-default elementor-section-height-default\" data-id=\"847c7bf\" data-element_type=\"section\">\n\t\t\t\t\t\t<div class=\"elementor-container elementor-column-gap-extended\">\n\t\t\t\t\t\t\t<div class=\"elementor-row\">\n\t\t\t\t\t<div class=\"elementor-column elementor-col-100 elementor-top-column elementor-element elementor-element-caab0b4 sc_layouts_column_icons_position_left\" data-id=\"caab0b4\" data-element_type=\"column\">\n\t\t\t<div class=\"elementor-column-wrap elementor-element-populated\">\n\t\t\t\t\t\t\t<div class=\"elementor-widget-wrap\">\n\t\t\t\t\t\t<div class=\"elementor-element elementor-element-3eee8ae sc_fly_static elementor-widget elementor-widget-spacer\" data-id=\"3eee8ae\" data-element_type=\"widget\" data-widget_type=\"spacer.default\">\n\t\t\t\t<div class=\"elementor-widget-container\">\n\t\t\t\t\t<div class=\"elementor-spacer\">\n\t\t\t<div class=\"elementor-spacer-inner\"><\/div>\n\t\t<\/div>\n\t\t\t\t<\/div>\n\t\t\t\t<\/div>\n\t\t\t\t\t\t<\/div>\n\t\t\t\t\t<\/div>\n\t\t<\/div>\n\t\t\t\t\t\t\t\t<\/div>\n\t\t\t\t\t<\/div>\n\t\t<\/section>\n\t\t\t\t<section class=\"elementor-section elementor-top-section elementor-element elementor-element-872e6a9 elementor-section-stretched elementor-section-boxed elementor-section-height-default elementor-section-height-default\" data-id=\"872e6a9\" data-element_type=\"section\" data-settings=\"{&quot;stretch_section&quot;:&quot;section-stretched&quot;}\">\n\t\t\t\t\t\t<div class=\"elementor-container elementor-column-gap-extended\">\n\t\t\t\t\t\t\t<div class=\"elementor-row\">\n\t\t\t\t\t<div class=\"elementor-column elementor-col-50 elementor-top-column elementor-element elementor-element-d0ad909 sc_layouts_column_icons_position_left\" data-id=\"d0ad909\" data-element_type=\"column\">\n\t\t\t<div class=\"elementor-column-wrap elementor-element-populated\">\n\t\t\t\t\t\t\t<div class=\"elementor-widget-wrap\">\n\t\t\t\t\t\t<div class=\"elementor-element elementor-element-e7b7335 sc_fly_static elementor-widget elementor-widget-text-editor\" data-id=\"e7b7335\" data-element_type=\"widget\" data-widget_type=\"text-editor.default\">\n\t\t\t\t<div class=\"elementor-widget-container\">\n\t\t\t\t\t\t\t\t<div class=\"elementor-text-editor elementor-clearfix\">\n\t\t\t\t<p>Numerose attivit\u00e0 e corsi si sono avvicendati nel corso degli anni fornendo agli anziani un\u2019opportunit\u00e0 per mantenere vive le loro abilit\u00e0 manuali e producendo dei notevoli risultati in campo artistico e artigianale. Alcune attivit\u00e0 come la pittura su tessuto continuano ancor oggi. <\/p>\n<p>Il sistema dei Club de l\u2019\u00c2ge d\u2019or fu molto apprezzato e il CRAIC divenne un punto di riferimento per la creazione di organismi simili presso altre comunit\u00e0 culturali della regione metropolitana di Montreal. <\/p>\n<p>Nel 1977 fu creato il primo Club cinese, poi fu la volta di quello libanese e di molti altri. <\/p>\n<p>Nel corso degli anni, il CRAIC \u00e8 rimasto sensibile ai suoi membri e alla ricerca di nuove realt\u00e0 per gli anziani. L&#8217;organizzazione quindi in grado di sviluppare attivit\u00e0 e servizi che soddisfino le esigenze degli anziani di oggi. Infine, grazie alla sua esperienza nel campo CRAIC rimane un leader nel campo delle attivit\u00e0 per gli anziani e un esempio marcante per le comunit\u00e0 culturali. <\/p>\n\t\t\t\t\t<\/div>\n\t\t\t\t\t\t<\/div>\n\t\t\t\t<\/div>\n\t\t\t\t\t\t<\/div>\n\t\t\t\t\t<\/div>\n\t\t<\/div>\n\t\t\t\t<div class=\"elementor-column elementor-col-50 elementor-top-column elementor-element elementor-element-03c3944 sc_layouts_column_icons_position_left\" data-id=\"03c3944\" data-element_type=\"column\">\n\t\t\t<div class=\"elementor-column-wrap elementor-element-populated\">\n\t\t\t\t\t\t\t<div class=\"elementor-widget-wrap\">\n\t\t\t\t\t\t<div class=\"elementor-element elementor-element-9b5a583 sc_fly_static elementor-widget elementor-widget-image\" data-id=\"9b5a583\" data-element_type=\"widget\" data-widget_type=\"image.default\">\n\t\t\t\t<div class=\"elementor-widget-container\">\n\t\t\t\t\t\t\t\t<div class=\"elementor-image\">\n\t\t\t\t\t\t\t\t\t\t\t\t<img decoding=\"async\" width=\"768\" height=\"387\" src=\"https:\/\/craic.ca\/wp-content\/uploads\/2021\/08\/history2-768x387.jpg\" class=\"attachment-medium_large size-medium_large wp-image-4480\" alt=\"\" srcset=\"https:\/\/craic.ca\/wp-content\/uploads\/2021\/08\/history2-768x387.jpg 768w, https:\/\/craic.ca\/wp-content\/uploads\/2021\/08\/history2-300x151.jpg 300w, https:\/\/craic.ca\/wp-content\/uploads\/2021\/08\/history2-370x187.jpg 370w, https:\/\/craic.ca\/wp-content\/uploads\/2021\/08\/history2-760x383.jpg 760w, https:\/\/craic.ca\/wp-content\/uploads\/2021\/08\/history2-570x287.jpg 570w, https:\/\/craic.ca\/wp-content\/uploads\/2021\/08\/history2.jpg 952w\" sizes=\"(max-width: 768px) 100vw, 768px\" \/>\t\t\t\t\t\t\t\t\t\t\t\t\t\t<\/div>\n\t\t\t\t\t\t<\/div>\n\t\t\t\t<\/div>\n\t\t\t\t\t\t<\/div>\n\t\t\t\t\t<\/div>\n\t\t<\/div>\n\t\t\t\t\t\t\t\t<\/div>\n\t\t\t\t\t<\/div>\n\t\t<\/section>\n\t\t\t\t\t\t\t\t\t<\/div>\n\t\t\t<\/div>\n\t\t\t\t\t<\/div>\n\t\t","protected":false},"excerpt":{"rendered":"<p>Fondato nel 1974 dall\u2019On. Marisa Ferretti Barth, il CRAIC, Consiglio Regionale delle Persone Anziane Italo-Canadesi, vanta quasi mezzo secolo di storia basata sull\u2019aiuto reciproco e&hellip;<\/p>\n","protected":false},"author":1,"featured_media":0,"parent":0,"menu_order":0,"comment_status":"closed","ping_status":"closed","template":"","meta":{"footnotes":""},"class_list":["post-4793","page","type-page","status-publish","hentry"],"yoast_head":"<!-- This site is optimized with the Yoast SEO plugin v20.6 - https:\/\/yoast.com\/wordpress\/plugins\/seo\/ -->\n<title>Storia - CRAIC<\/title>\n<meta name=\"robots\" content=\"index, follow, max-snippet:-1, max-image-preview:large, max-video-preview:-1\" \/>\n<link rel=\"canonical\" href=\"https:\/\/craic.ca\/it\/storia\/\" \/>\n<meta property=\"og:locale\" content=\"it_IT\" \/>\n<meta property=\"og:type\" content=\"article\" \/>\n<meta property=\"og:title\" content=\"Storia - CRAIC\" \/>\n<meta property=\"og:description\" content=\"Fondato nel 1974 dall\u2019On. Marisa Ferretti Barth, il CRAIC, Consiglio Regionale delle Persone Anziane Italo-Canadesi, vanta quasi mezzo secolo di storia basata sull\u2019aiuto reciproco e&hellip;\" \/>\n<meta property=\"og:url\" content=\"https:\/\/craic.ca\/it\/storia\/\" \/>\n<meta property=\"og:site_name\" content=\"CRAIC\" \/>\n<meta property=\"article:publisher\" content=\"https:\/\/www.facebook.com\/ConseilRegionaldesPersonnesageesItaloCanadiennes\" \/>\n<meta property=\"article:modified_time\" content=\"2022-01-13T21:00:47+00:00\" \/>\n<meta property=\"og:image\" content=\"https:\/\/craic.ca\/wp-content\/uploads\/2021\/08\/history-768x517.jpg\" \/>\n<meta name=\"twitter:card\" content=\"summary_large_image\" \/>\n<meta name=\"twitter:label1\" content=\"Tempo di lettura stimato\" \/>\n\t<meta name=\"twitter:data1\" content=\"3 minuti\" \/>\n<script type=\"application\/ld+json\" class=\"yoast-schema-graph\">{\"@context\":\"https:\/\/schema.org\",\"@graph\":[{\"@type\":\"WebPage\",\"@id\":\"https:\/\/craic.ca\/it\/storia\/\",\"url\":\"https:\/\/craic.ca\/it\/storia\/\",\"name\":\"Storia - CRAIC\",\"isPartOf\":{\"@id\":\"https:\/\/craic.ca\/it\/#website\"},\"datePublished\":\"2021-08-19T18:55:28+00:00\",\"dateModified\":\"2022-01-13T21:00:47+00:00\",\"breadcrumb\":{\"@id\":\"https:\/\/craic.ca\/it\/storia\/#breadcrumb\"},\"inLanguage\":\"it-IT\",\"potentialAction\":[{\"@type\":\"ReadAction\",\"target\":[\"https:\/\/craic.ca\/it\/storia\/\"]}]},{\"@type\":\"BreadcrumbList\",\"@id\":\"https:\/\/craic.ca\/it\/storia\/#breadcrumb\",\"itemListElement\":[{\"@type\":\"ListItem\",\"position\":1,\"name\":\"Home\",\"item\":\"https:\/\/craic.ca\/it\/\"},{\"@type\":\"ListItem\",\"position\":2,\"name\":\"Storia\"}]},{\"@type\":\"WebSite\",\"@id\":\"https:\/\/craic.ca\/it\/#website\",\"url\":\"https:\/\/craic.ca\/it\/\",\"name\":\"CRAIC\",\"description\":\"Conseil R&eacute;gional des Personnes Ag&eacute;es Italo-Canadiennes\",\"publisher\":{\"@id\":\"https:\/\/craic.ca\/it\/#organization\"},\"potentialAction\":[{\"@type\":\"SearchAction\",\"target\":{\"@type\":\"EntryPoint\",\"urlTemplate\":\"https:\/\/craic.ca\/it\/?s={search_term_string}\"},\"query-input\":\"required name=search_term_string\"}],\"inLanguage\":\"it-IT\"},{\"@type\":\"Organization\",\"@id\":\"https:\/\/craic.ca\/it\/#organization\",\"name\":\"CRAIC\",\"url\":\"https:\/\/craic.ca\/it\/\",\"logo\":{\"@type\":\"ImageObject\",\"inLanguage\":\"it-IT\",\"@id\":\"https:\/\/craic.ca\/it\/#\/schema\/logo\/image\/\",\"url\":\"https:\/\/craic.ca\/wp-content\/uploads\/2021\/06\/logo_nome.gif\",\"contentUrl\":\"https:\/\/craic.ca\/wp-content\/uploads\/2021\/06\/logo_nome.gif\",\"width\":1899,\"height\":595,\"caption\":\"CRAIC\"},\"image\":{\"@id\":\"https:\/\/craic.ca\/it\/#\/schema\/logo\/image\/\"},\"sameAs\":[\"https:\/\/www.facebook.com\/ConseilRegionaldesPersonnesageesItaloCanadiennes\"]}]}<\/script>\n<!-- \/ Yoast SEO plugin. -->","yoast_head_json":{"title":"Storia - CRAIC","robots":{"index":"index","follow":"follow","max-snippet":"max-snippet:-1","max-image-preview":"max-image-preview:large","max-video-preview":"max-video-preview:-1"},"canonical":"https:\/\/craic.ca\/it\/storia\/","og_locale":"it_IT","og_type":"article","og_title":"Storia - CRAIC","og_description":"Fondato nel 1974 dall\u2019On. Marisa Ferretti Barth, il CRAIC, Consiglio Regionale delle Persone Anziane Italo-Canadesi, vanta quasi mezzo secolo di storia basata sull\u2019aiuto reciproco e&hellip;","og_url":"https:\/\/craic.ca\/it\/storia\/","og_site_name":"CRAIC","article_publisher":"https:\/\/www.facebook.com\/ConseilRegionaldesPersonnesageesItaloCanadiennes","article_modified_time":"2022-01-13T21:00:47+00:00","og_image":[{"url":"https:\/\/craic.ca\/wp-content\/uploads\/2021\/08\/history-768x517.jpg"}],"twitter_card":"summary_large_image","twitter_misc":{"Tempo di lettura stimato":"3 minuti"},"schema":{"@context":"https:\/\/schema.org","@graph":[{"@type":"WebPage","@id":"https:\/\/craic.ca\/it\/storia\/","url":"https:\/\/craic.ca\/it\/storia\/","name":"Storia - CRAIC","isPartOf":{"@id":"https:\/\/craic.ca\/it\/#website"},"datePublished":"2021-08-19T18:55:28+00:00","dateModified":"2022-01-13T21:00:47+00:00","breadcrumb":{"@id":"https:\/\/craic.ca\/it\/storia\/#breadcrumb"},"inLanguage":"it-IT","potentialAction":[{"@type":"ReadAction","target":["https:\/\/craic.ca\/it\/storia\/"]}]},{"@type":"BreadcrumbList","@id":"https:\/\/craic.ca\/it\/storia\/#breadcrumb","itemListElement":[{"@type":"ListItem","position":1,"name":"Home","item":"https:\/\/craic.ca\/it\/"},{"@type":"ListItem","position":2,"name":"Storia"}]},{"@type":"WebSite","@id":"https:\/\/craic.ca\/it\/#website","url":"https:\/\/craic.ca\/it\/","name":"CRAIC","description":"Conseil R&eacute;gional des Personnes Ag&eacute;es Italo-Canadiennes","publisher":{"@id":"https:\/\/craic.ca\/it\/#organization"},"potentialAction":[{"@type":"SearchAction","target":{"@type":"EntryPoint","urlTemplate":"https:\/\/craic.ca\/it\/?s={search_term_string}"},"query-input":"required name=search_term_string"}],"inLanguage":"it-IT"},{"@type":"Organization","@id":"https:\/\/craic.ca\/it\/#organization","name":"CRAIC","url":"https:\/\/craic.ca\/it\/","logo":{"@type":"ImageObject","inLanguage":"it-IT","@id":"https:\/\/craic.ca\/it\/#\/schema\/logo\/image\/","url":"https:\/\/craic.ca\/wp-content\/uploads\/2021\/06\/logo_nome.gif","contentUrl":"https:\/\/craic.ca\/wp-content\/uploads\/2021\/06\/logo_nome.gif","width":1899,"height":595,"caption":"CRAIC"},"image":{"@id":"https:\/\/craic.ca\/it\/#\/schema\/logo\/image\/"},"sameAs":["https:\/\/www.facebook.com\/ConseilRegionaldesPersonnesageesItaloCanadiennes"]}]}},"_links":{"self":[{"href":"https:\/\/craic.ca\/it\/wp-json\/wp\/v2\/pages\/4793","targetHints":{"allow":["GET"]}}],"collection":[{"href":"https:\/\/craic.ca\/it\/wp-json\/wp\/v2\/pages"}],"about":[{"href":"https:\/\/craic.ca\/it\/wp-json\/wp\/v2\/types\/page"}],"author":[{"embeddable":true,"href":"https:\/\/craic.ca\/it\/wp-json\/wp\/v2\/users\/1"}],"replies":[{"embeddable":true,"href":"https:\/\/craic.ca\/it\/wp-json\/wp\/v2\/comments?post=4793"}],"version-history":[{"count":14,"href":"https:\/\/craic.ca\/it\/wp-json\/wp\/v2\/pages\/4793\/revisions"}],"predecessor-version":[{"id":5121,"href":"https:\/\/craic.ca\/it\/wp-json\/wp\/v2\/pages\/4793\/revisions\/5121"}],"wp:attachment":[{"href":"https:\/\/craic.ca\/it\/wp-json\/wp\/v2\/media?parent=4793"}],"curies":[{"name":"wp","href":"https:\/\/api.w.org\/{rel}","templated":true}]}}