{"id":4791,"date":"2021-08-19T18:50:44","date_gmt":"2021-08-19T18:50:44","guid":{"rendered":"https:\/\/craic.ca\/il-fondatore\/"},"modified":"2022-04-26T13:46:24","modified_gmt":"2022-04-26T13:46:24","slug":"la-fondatrice","status":"publish","type":"page","link":"https:\/\/craic.ca\/it\/la-fondatrice\/","title":{"rendered":"La Fondatrice"},"content":{"rendered":"\t\t<div data-elementor-type=\"wp-page\" data-elementor-id=\"4791\" class=\"elementor elementor-4791 elementor-2486\">\n\t\t\t\t\t\t<div class=\"elementor-inner\">\n\t\t\t\t<div class=\"elementor-section-wrap\">\n\t\t\t\t\t\t\t\t\t<section class=\"elementor-section elementor-top-section elementor-element elementor-element-7844778 elementor-section-stretched elementor-section-boxed elementor-section-height-default elementor-section-height-default\" data-id=\"7844778\" data-element_type=\"section\" data-settings=\"{&quot;stretch_section&quot;:&quot;section-stretched&quot;,&quot;background_background&quot;:&quot;classic&quot;}\">\n\t\t\t\t\t\t\t<div class=\"elementor-background-overlay\"><\/div>\n\t\t\t\t\t\t\t<div class=\"elementor-container elementor-column-gap-extended\">\n\t\t\t\t\t\t\t<div class=\"elementor-row\">\n\t\t\t\t\t<div class=\"elementor-column elementor-col-66 elementor-top-column elementor-element elementor-element-e392105 sc_layouts_column_icons_position_left\" data-id=\"e392105\" data-element_type=\"column\">\n\t\t\t<div class=\"elementor-column-wrap elementor-element-populated\">\n\t\t\t\t\t\t\t<div class=\"elementor-widget-wrap\">\n\t\t\t\t\t\t<div class=\"elementor-element elementor-element-6e90a07 sc_fly_static elementor-widget elementor-widget-text-editor\" data-id=\"6e90a07\" data-element_type=\"widget\" data-widget_type=\"text-editor.default\">\n\t\t\t\t<div class=\"elementor-widget-container\">\n\t\t\t\t\t\t\t\t<div class=\"elementor-text-editor elementor-clearfix\">\n\t\t\t\t<p>Per pi\u00f9 di 50 anni, l&#8217;On. Marisa Ferretti Barth ha dedicato la sua vita al benessere dei suoi concittadini, particolarmente gli anziani della comunit\u00e0 italo-quebecchese e di altre comunit\u00e0 etno-culturali della metropoli montrealese. <\/p>\n<p>Nel 1997 divenne la prima donna di origine italiana ad entrare nel Senato del Canada, dove ancora una volta, si \u00e8 impegnata attivamente in vari comitati, tra cui: diritti umani, affari sociali, finanza nazionale e molti altri. Nel 2003\/05 \u00e8 stata Presidente dell\u2019Associazione Parlamentare Canada-Italia.<\/p>\n\t\t\t\t\t<\/div>\n\t\t\t\t\t\t<\/div>\n\t\t\t\t<\/div>\n\t\t\t\t<div class=\"elementor-element elementor-element-f5c6416 sc_fly_static elementor-widget elementor-widget-spacer\" data-id=\"f5c6416\" data-element_type=\"widget\" data-widget_type=\"spacer.default\">\n\t\t\t\t<div class=\"elementor-widget-container\">\n\t\t\t\t\t<div class=\"elementor-spacer\">\n\t\t\t<div class=\"elementor-spacer-inner\"><\/div>\n\t\t<\/div>\n\t\t\t\t<\/div>\n\t\t\t\t<\/div>\n\t\t\t\t\t\t<\/div>\n\t\t\t\t\t<\/div>\n\t\t<\/div>\n\t\t\t\t<div class=\"elementor-column elementor-col-33 elementor-top-column elementor-element elementor-element-a2bebe7 sc_layouts_column_icons_position_left\" data-id=\"a2bebe7\" data-element_type=\"column\">\n\t\t\t<div class=\"elementor-column-wrap\">\n\t\t\t\t\t\t\t<div class=\"elementor-widget-wrap\">\n\t\t\t\t\t\t\t\t<\/div>\n\t\t\t\t\t<\/div>\n\t\t<\/div>\n\t\t\t\t\t\t\t\t<\/div>\n\t\t\t\t\t<\/div>\n\t\t<\/section>\n\t\t\t\t<section class=\"elementor-section elementor-top-section elementor-element elementor-element-8c328df elementor-section-stretched elementor-section-boxed elementor-section-height-default elementor-section-height-default\" data-id=\"8c328df\" data-element_type=\"section\" data-settings=\"{&quot;stretch_section&quot;:&quot;section-stretched&quot;}\">\n\t\t\t\t\t\t<div class=\"elementor-container elementor-column-gap-extended\">\n\t\t\t\t\t\t\t<div class=\"elementor-row\">\n\t\t\t\t\t<div class=\"elementor-column elementor-col-100 elementor-top-column elementor-element elementor-element-dca0f96 sc_layouts_column_icons_position_left\" data-id=\"dca0f96\" data-element_type=\"column\">\n\t\t\t<div class=\"elementor-column-wrap elementor-element-populated\">\n\t\t\t\t\t\t\t<div class=\"elementor-widget-wrap\">\n\t\t\t\t\t\t<div class=\"elementor-element elementor-element-5660a59 sc_fly_static elementor-widget elementor-widget-heading\" data-id=\"5660a59\" data-element_type=\"widget\" data-widget_type=\"heading.default\">\n\t\t\t\t<div class=\"elementor-widget-container\">\n\t\t\t<h1 class=\"elementor-heading-title elementor-size-default\">Marisa Ferretti Barth<\/h1>\t\t<\/div>\n\t\t\t\t<\/div>\n\t\t\t\t\t\t<\/div>\n\t\t\t\t\t<\/div>\n\t\t<\/div>\n\t\t\t\t\t\t\t\t<\/div>\n\t\t\t\t\t<\/div>\n\t\t<\/section>\n\t\t\t\t<section class=\"elementor-section elementor-top-section elementor-element elementor-element-3281f7f elementor-section-stretched elementor-section-boxed elementor-section-height-default elementor-section-height-default\" data-id=\"3281f7f\" data-element_type=\"section\" data-settings=\"{&quot;stretch_section&quot;:&quot;section-stretched&quot;}\">\n\t\t\t\t\t\t<div class=\"elementor-container elementor-column-gap-extended\">\n\t\t\t\t\t\t\t<div class=\"elementor-row\">\n\t\t\t\t\t<div class=\"elementor-column elementor-col-50 elementor-top-column elementor-element elementor-element-811ff88 sc_layouts_column_icons_position_left\" data-id=\"811ff88\" data-element_type=\"column\">\n\t\t\t<div class=\"elementor-column-wrap elementor-element-populated\">\n\t\t\t\t\t\t\t<div class=\"elementor-widget-wrap\">\n\t\t\t\t\t\t<div class=\"elementor-element elementor-element-51e63e9 elementor-tabs-view-horizontal sc_fly_static elementor-widget elementor-widget-tabs\" data-id=\"51e63e9\" data-element_type=\"widget\" data-widget_type=\"tabs.default\">\n\t\t\t\t<div class=\"elementor-widget-container\">\n\t\t\t\t\t<div class=\"elementor-tabs\">\n\t\t\t<div class=\"elementor-tabs-wrapper\" role=\"tablist\" >\n\t\t\t\t\t\t\t\t\t<div id=\"elementor-tab-title-8581\" class=\"elementor-tab-title elementor-tab-desktop-title\" aria-selected=\"true\" data-tab=\"1\" role=\"tab\" tabindex=\"0\" aria-controls=\"elementor-tab-content-8581\" aria-expanded=\"false\">Premi<\/div>\n\t\t\t\t\t\t\t\t\t<div id=\"elementor-tab-title-8582\" class=\"elementor-tab-title elementor-tab-desktop-title\" aria-selected=\"false\" data-tab=\"2\" role=\"tab\" tabindex=\"-1\" aria-controls=\"elementor-tab-content-8582\" aria-expanded=\"false\">Conquiste<\/div>\n\t\t\t\t\t\t\t\t\t<div id=\"elementor-tab-title-8583\" class=\"elementor-tab-title elementor-tab-desktop-title\" aria-selected=\"false\" data-tab=\"3\" role=\"tab\" tabindex=\"-1\" aria-controls=\"elementor-tab-content-8583\" aria-expanded=\"false\">Origine<\/div>\n\t\t\t\t\t\t\t\t\t<div id=\"elementor-tab-title-8584\" class=\"elementor-tab-title elementor-tab-desktop-title\" aria-selected=\"false\" data-tab=\"4\" role=\"tab\" tabindex=\"-1\" aria-controls=\"elementor-tab-content-8584\" aria-expanded=\"false\">Eredit\u00e0<\/div>\n\t\t\t\t\t\t\t<\/div>\n\t\t\t<div class=\"elementor-tabs-content-wrapper\" role=\"tablist\" aria-orientation=\"vertical\">\n\t\t\t\t\t\t\t\t\t<div class=\"elementor-tab-title elementor-tab-mobile-title\" aria-selected=\"true\" data-tab=\"1\" role=\"tab\" tabindex=\"0\" aria-controls=\"elementor-tab-content-8581\" aria-expanded=\"false\">Premi<\/div>\n\t\t\t\t\t<div id=\"elementor-tab-content-8581\" class=\"elementor-tab-content elementor-clearfix\" data-tab=\"1\" role=\"tabpanel\" aria-labelledby=\"elementor-tab-title-8581\" tabindex=\"0\" hidden=\"false\"><p>Nel giugno 2008, l&#8217;On. Marisa Ferretti Barth ha ricevuto l&#8217;Ordine Nazionale del Quebec. <\/p>\n<p>Nel 2009 \u00e8 stata insignita del premio alla carriera dal Gruppo Desjardins e, successivamente, ha ricevuto la medaglia del Luogotenente Governatore del Quebec (sezione senior). <\/p>\n<\/div>\n\t\t\t\t\t\t\t\t\t<div class=\"elementor-tab-title elementor-tab-mobile-title\" aria-selected=\"false\" data-tab=\"2\" role=\"tab\" tabindex=\"-1\" aria-controls=\"elementor-tab-content-8582\" aria-expanded=\"false\">Conquiste<\/div>\n\t\t\t\t\t<div id=\"elementor-tab-content-8582\" class=\"elementor-tab-content elementor-clearfix\" data-tab=\"2\" role=\"tabpanel\" aria-labelledby=\"elementor-tab-title-8582\" tabindex=\"0\" hidden=\"hidden\"><p>Grazie al suo lavoro, comprende la grave mancanza di risorse per gli anziani, in particolare per gli italo-canadesi, e si impegna, tra il 1973 e il 1974, nella creazione del CRAIC (Consiglio Regionale degli Anziani Italo-Canadesi, letteralmente: &#8220;Consiglio Regionale delle Persone Anziane Italo-Canadesi&#8221;).<\/p>\n<p>Durante il periodo 1974-2008, svolge diverse funzioni presso il CRAIC: assistente sociale, consulente in risorse umane, Organizzatrice comunitaria, Direttrice Esecutiva, Vicepresidente e Amministratrice Delegata. Inoltre, dal 1991 al 2008, \u00e8 stata presidente della Associazione Italiana Assistenza Collettivit\u00e0 \u201cAIAC\u201d \u2013 capitolo consolare.<\/p>\n<p>L&#8217;On. Ferretti Barth non ha mai smesso di lavorare in seno al CRAIC arrivando a gestire fino a 83 tra clubs de l\u2019\u00e2ge d\u2019or e comitati, fornendo vari servizi, tra cui alcuni dedicati specificamente ai meno abbienti.<\/p>\n<p>In particolare, ha fondato la corale \u201cIl Campanello d&#8217;Oro\u201d \u201cLa Clochette d\u2019Or\u201d che esiste ormai da 36 anni, portando alla ribalta le migliori voci dei nostri anziani. Inoltre, ha fondato la compagnia di danza folkloristica &#8220;Les Papillons&#8221;, dimostrando il talento e lo zelo dei nostri ballerini dell\u2019et\u00e0 d\u2019oro.<\/p>\n<\/div>\n\t\t\t\t\t\t\t\t\t<div class=\"elementor-tab-title elementor-tab-mobile-title\" aria-selected=\"false\" data-tab=\"3\" role=\"tab\" tabindex=\"-1\" aria-controls=\"elementor-tab-content-8583\" aria-expanded=\"false\">Origine<\/div>\n\t\t\t\t\t<div id=\"elementor-tab-content-8583\" class=\"elementor-tab-content elementor-clearfix\" data-tab=\"3\" role=\"tabpanel\" aria-labelledby=\"elementor-tab-title-8583\" tabindex=\"0\" hidden=\"hidden\"><p>Nata ad Ascoli Piceno, Italia, ha vissuto tra l\u2019Italia e la Svizzera fino al 1963, quando arriva in Quebec e non tarda ad integrarsi nella comunit\u00e0. Nei primi anni 1970, \u00e8 consulente in immigrazione e pianificatrice dei Servizi Comunitari Italiani. <\/p>\n<\/div>\n\t\t\t\t\t\t\t\t\t<div class=\"elementor-tab-title elementor-tab-mobile-title\" aria-selected=\"false\" data-tab=\"4\" role=\"tab\" tabindex=\"-1\" aria-controls=\"elementor-tab-content-8584\" aria-expanded=\"false\">Eredit\u00e0<\/div>\n\t\t\t\t\t<div id=\"elementor-tab-content-8584\" class=\"elementor-tab-content elementor-clearfix\" data-tab=\"4\" role=\"tabpanel\" aria-labelledby=\"elementor-tab-title-8584\" tabindex=\"0\" hidden=\"hidden\"><p>Nel corso degli anni, l&#8217;On. Ferretti Barth ha partecipato alla creazione di numerosi organismi (in particolare club de l\u2019\u00e2ge d\u2019or) per diversi gruppi: afgani, cinesi, laotiani, libanesi e siriani, russi, ecc. <\/p>\n<p>Inoltre, l&#8217;On. Ferretti Barth ha lavorato in molti comitati, consigli o altri gruppi che si occupano della Terza et\u00e0, tra cui il \u201cConseil consultatif national sur le troisi\u00e8me \u00e2ge\u201d e il \u201cConseil des a\u00een\u00e9s du Qu\u00e9bec\u201d. <\/p>\n<p>Ha svolto il ruolo di testimone, tramite e rappresentante per il popolo della terza e quarta et\u00e0 contribuendo in maniera efficace a rompere l&#8217;isolamento di molti anziani e, di conseguenza, a facilitare la loro integrazione nella societ\u00e0. <\/p>\n<p>Tra le sue iniziative pi\u00f9 concrete, si pu\u00f2 includere \u201cI Giardini d&#8217;Italia\u201d, grande complesso residenziale per anziani costruito nel 2007 per anziani italo-quebecchesi nel quartiere montrealese di Saint-Leonard. <\/p>\n<p>Pi\u00f9 volte insignita da premi per il suo coinvolgimento nell\u2019associazionismo e nella vita cittadina, l&#8217;On. Marisa Ferretti Barth nel 1986, \u00e8 stata nominata Donna dell\u2019anno nella sfera sociale e umanitaria e, nel 2003, ha ricevuto il titolo di Grande Ufficiale dell&#8217;Ordine al Merito della Repubblica Italiana. <\/p>\n<p>Nel giugno 2008, l&#8217;On. Marisa Ferretti Barth ha ricevuto l&#8217;Ordine Nazionale del Quebec. <\/p>\n<p>Nel 2009 \u00e8 stata insignita del premio alla carriera dal Gruppo Desjardins e, successivamente, ha ricevuto la medaglia del Luogotenente Governatore del Quebec (sezione senior). <\/p>\n<p>Il 28 Marzo del 2021 L\u2019On. Barth muore lasciando un patrimonio inestimabile alla sua comunit\u00e0 e agli anziani italo-canadesi. La sua dedizione al CRAIC e alla sua grande famiglia \u00e8 stata piena e intensa fino all\u2019ultimo come la sua vita e marcher\u00e0 la strada verso il futuro del nostro organismo. <\/p>\n<\/div>\n\t\t\t\t\t\t\t<\/div>\n\t\t<\/div>\n\t\t\t\t<\/div>\n\t\t\t\t<\/div>\n\t\t\t\t\t\t<\/div>\n\t\t\t\t\t<\/div>\n\t\t<\/div>\n\t\t\t\t<div class=\"elementor-column elementor-col-50 elementor-top-column elementor-element elementor-element-933f824 sc_layouts_column_icons_position_left\" data-id=\"933f824\" data-element_type=\"column\">\n\t\t\t<div class=\"elementor-column-wrap elementor-element-populated\">\n\t\t\t\t\t\t\t<div class=\"elementor-widget-wrap\">\n\t\t\t\t\t\t<div class=\"elementor-element elementor-element-bcc247e sc_fly_static elementor-widget elementor-widget-image\" data-id=\"bcc247e\" data-element_type=\"widget\" data-widget_type=\"image.default\">\n\t\t\t\t<div class=\"elementor-widget-container\">\n\t\t\t\t\t\t\t\t<div class=\"elementor-image\">\n\t\t\t\t\t\t\t\t\t\t\t\t<img decoding=\"async\" width=\"768\" height=\"1024\" src=\"https:\/\/craic.ca\/wp-content\/uploads\/2021\/06\/marisa_ferretti_barth.jpg\" class=\"attachment-large size-large wp-image-3994\" alt=\"\" srcset=\"https:\/\/craic.ca\/wp-content\/uploads\/2021\/06\/marisa_ferretti_barth.jpg 768w, https:\/\/craic.ca\/wp-content\/uploads\/2021\/06\/marisa_ferretti_barth-225x300.jpg 225w, https:\/\/craic.ca\/wp-content\/uploads\/2021\/06\/marisa_ferretti_barth-370x493.jpg 370w, https:\/\/craic.ca\/wp-content\/uploads\/2021\/06\/marisa_ferretti_barth-760x1013.jpg 760w, https:\/\/craic.ca\/wp-content\/uploads\/2021\/06\/marisa_ferretti_barth-570x760.jpg 570w\" sizes=\"(max-width: 768px) 100vw, 768px\" \/>\t\t\t\t\t\t\t\t\t\t\t\t\t\t<\/div>\n\t\t\t\t\t\t<\/div>\n\t\t\t\t<\/div>\n\t\t\t\t\t\t<\/div>\n\t\t\t\t\t<\/div>\n\t\t<\/div>\n\t\t\t\t\t\t\t\t<\/div>\n\t\t\t\t\t<\/div>\n\t\t<\/section>\n\t\t\t\t\t\t\t\t\t<\/div>\n\t\t\t<\/div>\n\t\t\t\t\t<\/div>\n\t\t","protected":false},"excerpt":{"rendered":"<p>Per pi\u00f9 di 50 anni, l&#8217;On. Marisa Ferretti Barth ha dedicato la sua vita al benessere dei suoi concittadini, particolarmente gli anziani della comunit\u00e0 italo-quebecchese&hellip;<\/p>\n","protected":false},"author":1,"featured_media":0,"parent":0,"menu_order":0,"comment_status":"closed","ping_status":"closed","template":"","meta":{"footnotes":""},"class_list":["post-4791","page","type-page","status-publish","hentry"],"yoast_head":"<!-- This site is optimized with the Yoast SEO plugin v20.6 - https:\/\/yoast.com\/wordpress\/plugins\/seo\/ -->\n<title>La Fondatrice - CRAIC<\/title>\n<meta name=\"robots\" content=\"index, follow, max-snippet:-1, max-image-preview:large, max-video-preview:-1\" \/>\n<link rel=\"canonical\" href=\"https:\/\/craic.ca\/it\/la-fondatrice\/\" \/>\n<meta property=\"og:locale\" content=\"it_IT\" \/>\n<meta property=\"og:type\" content=\"article\" \/>\n<meta property=\"og:title\" content=\"La Fondatrice - CRAIC\" \/>\n<meta property=\"og:description\" content=\"Per pi\u00f9 di 50 anni, l&#8217;On. Marisa Ferretti Barth ha dedicato la sua vita al benessere dei suoi concittadini, particolarmente gli anziani della comunit\u00e0 italo-quebecchese&hellip;\" \/>\n<meta property=\"og:url\" content=\"https:\/\/craic.ca\/it\/la-fondatrice\/\" \/>\n<meta property=\"og:site_name\" content=\"CRAIC\" \/>\n<meta property=\"article:publisher\" content=\"https:\/\/www.facebook.com\/ConseilRegionaldesPersonnesageesItaloCanadiennes\" \/>\n<meta property=\"article:modified_time\" content=\"2022-04-26T13:46:24+00:00\" \/>\n<meta property=\"og:image\" content=\"https:\/\/craic.ca\/wp-content\/uploads\/2021\/06\/marisa_ferretti_barth.jpg\" \/>\n<meta name=\"twitter:card\" content=\"summary_large_image\" \/>\n<meta name=\"twitter:label1\" content=\"Tempo di lettura stimato\" \/>\n\t<meta name=\"twitter:data1\" content=\"4 minuti\" \/>\n<script type=\"application\/ld+json\" class=\"yoast-schema-graph\">{\"@context\":\"https:\/\/schema.org\",\"@graph\":[{\"@type\":\"WebPage\",\"@id\":\"https:\/\/craic.ca\/it\/la-fondatrice\/\",\"url\":\"https:\/\/craic.ca\/it\/la-fondatrice\/\",\"name\":\"La Fondatrice - CRAIC\",\"isPartOf\":{\"@id\":\"https:\/\/craic.ca\/it\/#website\"},\"datePublished\":\"2021-08-19T18:50:44+00:00\",\"dateModified\":\"2022-04-26T13:46:24+00:00\",\"breadcrumb\":{\"@id\":\"https:\/\/craic.ca\/it\/la-fondatrice\/#breadcrumb\"},\"inLanguage\":\"it-IT\",\"potentialAction\":[{\"@type\":\"ReadAction\",\"target\":[\"https:\/\/craic.ca\/it\/la-fondatrice\/\"]}]},{\"@type\":\"BreadcrumbList\",\"@id\":\"https:\/\/craic.ca\/it\/la-fondatrice\/#breadcrumb\",\"itemListElement\":[{\"@type\":\"ListItem\",\"position\":1,\"name\":\"Home\",\"item\":\"https:\/\/craic.ca\/it\/\"},{\"@type\":\"ListItem\",\"position\":2,\"name\":\"La Fondatrice\"}]},{\"@type\":\"WebSite\",\"@id\":\"https:\/\/craic.ca\/it\/#website\",\"url\":\"https:\/\/craic.ca\/it\/\",\"name\":\"CRAIC\",\"description\":\"Conseil R&eacute;gional des Personnes Ag&eacute;es Italo-Canadiennes\",\"publisher\":{\"@id\":\"https:\/\/craic.ca\/it\/#organization\"},\"potentialAction\":[{\"@type\":\"SearchAction\",\"target\":{\"@type\":\"EntryPoint\",\"urlTemplate\":\"https:\/\/craic.ca\/it\/?s={search_term_string}\"},\"query-input\":\"required name=search_term_string\"}],\"inLanguage\":\"it-IT\"},{\"@type\":\"Organization\",\"@id\":\"https:\/\/craic.ca\/it\/#organization\",\"name\":\"CRAIC\",\"url\":\"https:\/\/craic.ca\/it\/\",\"logo\":{\"@type\":\"ImageObject\",\"inLanguage\":\"it-IT\",\"@id\":\"https:\/\/craic.ca\/it\/#\/schema\/logo\/image\/\",\"url\":\"https:\/\/craic.ca\/wp-content\/uploads\/2021\/06\/logo_nome.gif\",\"contentUrl\":\"https:\/\/craic.ca\/wp-content\/uploads\/2021\/06\/logo_nome.gif\",\"width\":1899,\"height\":595,\"caption\":\"CRAIC\"},\"image\":{\"@id\":\"https:\/\/craic.ca\/it\/#\/schema\/logo\/image\/\"},\"sameAs\":[\"https:\/\/www.facebook.com\/ConseilRegionaldesPersonnesageesItaloCanadiennes\"]}]}<\/script>\n<!-- \/ Yoast SEO plugin. -->","yoast_head_json":{"title":"La Fondatrice - CRAIC","robots":{"index":"index","follow":"follow","max-snippet":"max-snippet:-1","max-image-preview":"max-image-preview:large","max-video-preview":"max-video-preview:-1"},"canonical":"https:\/\/craic.ca\/it\/la-fondatrice\/","og_locale":"it_IT","og_type":"article","og_title":"La Fondatrice - CRAIC","og_description":"Per pi\u00f9 di 50 anni, l&#8217;On. Marisa Ferretti Barth ha dedicato la sua vita al benessere dei suoi concittadini, particolarmente gli anziani della comunit\u00e0 italo-quebecchese&hellip;","og_url":"https:\/\/craic.ca\/it\/la-fondatrice\/","og_site_name":"CRAIC","article_publisher":"https:\/\/www.facebook.com\/ConseilRegionaldesPersonnesageesItaloCanadiennes","article_modified_time":"2022-04-26T13:46:24+00:00","og_image":[{"url":"https:\/\/craic.ca\/wp-content\/uploads\/2021\/06\/marisa_ferretti_barth.jpg"}],"twitter_card":"summary_large_image","twitter_misc":{"Tempo di lettura stimato":"4 minuti"},"schema":{"@context":"https:\/\/schema.org","@graph":[{"@type":"WebPage","@id":"https:\/\/craic.ca\/it\/la-fondatrice\/","url":"https:\/\/craic.ca\/it\/la-fondatrice\/","name":"La Fondatrice - CRAIC","isPartOf":{"@id":"https:\/\/craic.ca\/it\/#website"},"datePublished":"2021-08-19T18:50:44+00:00","dateModified":"2022-04-26T13:46:24+00:00","breadcrumb":{"@id":"https:\/\/craic.ca\/it\/la-fondatrice\/#breadcrumb"},"inLanguage":"it-IT","potentialAction":[{"@type":"ReadAction","target":["https:\/\/craic.ca\/it\/la-fondatrice\/"]}]},{"@type":"BreadcrumbList","@id":"https:\/\/craic.ca\/it\/la-fondatrice\/#breadcrumb","itemListElement":[{"@type":"ListItem","position":1,"name":"Home","item":"https:\/\/craic.ca\/it\/"},{"@type":"ListItem","position":2,"name":"La Fondatrice"}]},{"@type":"WebSite","@id":"https:\/\/craic.ca\/it\/#website","url":"https:\/\/craic.ca\/it\/","name":"CRAIC","description":"Conseil R&eacute;gional des Personnes Ag&eacute;es Italo-Canadiennes","publisher":{"@id":"https:\/\/craic.ca\/it\/#organization"},"potentialAction":[{"@type":"SearchAction","target":{"@type":"EntryPoint","urlTemplate":"https:\/\/craic.ca\/it\/?s={search_term_string}"},"query-input":"required name=search_term_string"}],"inLanguage":"it-IT"},{"@type":"Organization","@id":"https:\/\/craic.ca\/it\/#organization","name":"CRAIC","url":"https:\/\/craic.ca\/it\/","logo":{"@type":"ImageObject","inLanguage":"it-IT","@id":"https:\/\/craic.ca\/it\/#\/schema\/logo\/image\/","url":"https:\/\/craic.ca\/wp-content\/uploads\/2021\/06\/logo_nome.gif","contentUrl":"https:\/\/craic.ca\/wp-content\/uploads\/2021\/06\/logo_nome.gif","width":1899,"height":595,"caption":"CRAIC"},"image":{"@id":"https:\/\/craic.ca\/it\/#\/schema\/logo\/image\/"},"sameAs":["https:\/\/www.facebook.com\/ConseilRegionaldesPersonnesageesItaloCanadiennes"]}]}},"_links":{"self":[{"href":"https:\/\/craic.ca\/it\/wp-json\/wp\/v2\/pages\/4791","targetHints":{"allow":["GET"]}}],"collection":[{"href":"https:\/\/craic.ca\/it\/wp-json\/wp\/v2\/pages"}],"about":[{"href":"https:\/\/craic.ca\/it\/wp-json\/wp\/v2\/types\/page"}],"author":[{"embeddable":true,"href":"https:\/\/craic.ca\/it\/wp-json\/wp\/v2\/users\/1"}],"replies":[{"embeddable":true,"href":"https:\/\/craic.ca\/it\/wp-json\/wp\/v2\/comments?post=4791"}],"version-history":[{"count":25,"href":"https:\/\/craic.ca\/it\/wp-json\/wp\/v2\/pages\/4791\/revisions"}],"predecessor-version":[{"id":5513,"href":"https:\/\/craic.ca\/it\/wp-json\/wp\/v2\/pages\/4791\/revisions\/5513"}],"wp:attachment":[{"href":"https:\/\/craic.ca\/it\/wp-json\/wp\/v2\/media?parent=4791"}],"curies":[{"name":"wp","href":"https:\/\/api.w.org\/{rel}","templated":true}]}}