{"id":2486,"date":"2021-06-08T21:45:03","date_gmt":"2021-06-08T21:45:03","guid":{"rendered":"https:\/\/craic.ca\/?page_id=2486"},"modified":"2022-04-26T13:45:55","modified_gmt":"2022-04-26T13:45:55","slug":"our-founder","status":"publish","type":"page","link":"https:\/\/craic.ca\/en\/our-founder\/","title":{"rendered":"Our Founder"},"content":{"rendered":"\t\t<div data-elementor-type=\"wp-page\" data-elementor-id=\"2486\" class=\"elementor elementor-2486\">\n\t\t\t\t\t\t<div class=\"elementor-inner\">\n\t\t\t\t<div class=\"elementor-section-wrap\">\n\t\t\t\t\t\t\t\t\t<section class=\"elementor-section elementor-top-section elementor-element elementor-element-7844778 elementor-section-stretched elementor-section-boxed elementor-section-height-default elementor-section-height-default\" data-id=\"7844778\" data-element_type=\"section\" data-settings=\"{&quot;stretch_section&quot;:&quot;section-stretched&quot;,&quot;background_background&quot;:&quot;classic&quot;}\">\n\t\t\t\t\t\t\t<div class=\"elementor-background-overlay\"><\/div>\n\t\t\t\t\t\t\t<div class=\"elementor-container elementor-column-gap-extended\">\n\t\t\t\t\t\t\t<div class=\"elementor-row\">\n\t\t\t\t\t<div class=\"elementor-column elementor-col-66 elementor-top-column elementor-element elementor-element-e392105 sc_layouts_column_icons_position_left\" data-id=\"e392105\" data-element_type=\"column\">\n\t\t\t<div class=\"elementor-column-wrap elementor-element-populated\">\n\t\t\t\t\t\t\t<div class=\"elementor-widget-wrap\">\n\t\t\t\t\t\t<div class=\"elementor-element elementor-element-6e90a07 sc_fly_static elementor-widget elementor-widget-text-editor\" data-id=\"6e90a07\" data-element_type=\"widget\" data-widget_type=\"text-editor.default\">\n\t\t\t\t<div class=\"elementor-widget-container\">\n\t\t\t\t\t\t\t\t<div class=\"elementor-text-editor elementor-clearfix\">\n\t\t\t\t<p>For over 50 years, the late Senator Marisa Ferretti Barth has dedicated herself to the well-being of fellow citizens, in particular seniors from the Italian-Qu\u00e9becois community and other cultural communities in Greater Montreal.<\/p><p>In 1997, she was the first Italian-born woman to be appointed to the Senate of Canada, where she actively participated in various committees, including for human rights, social affairs and finance. In May 2003, she served as president of the Canada-Europe Parliamentary Association.<\/p>\t\t\t\t\t<\/div>\n\t\t\t\t\t\t<\/div>\n\t\t\t\t<\/div>\n\t\t\t\t<div class=\"elementor-element elementor-element-f5c6416 sc_fly_static elementor-widget elementor-widget-spacer\" data-id=\"f5c6416\" data-element_type=\"widget\" data-widget_type=\"spacer.default\">\n\t\t\t\t<div class=\"elementor-widget-container\">\n\t\t\t\t\t<div class=\"elementor-spacer\">\n\t\t\t<div class=\"elementor-spacer-inner\"><\/div>\n\t\t<\/div>\n\t\t\t\t<\/div>\n\t\t\t\t<\/div>\n\t\t\t\t\t\t<\/div>\n\t\t\t\t\t<\/div>\n\t\t<\/div>\n\t\t\t\t<div class=\"elementor-column elementor-col-33 elementor-top-column elementor-element elementor-element-a2bebe7 sc_layouts_column_icons_position_left\" data-id=\"a2bebe7\" data-element_type=\"column\">\n\t\t\t<div class=\"elementor-column-wrap\">\n\t\t\t\t\t\t\t<div class=\"elementor-widget-wrap\">\n\t\t\t\t\t\t\t\t<\/div>\n\t\t\t\t\t<\/div>\n\t\t<\/div>\n\t\t\t\t\t\t\t\t<\/div>\n\t\t\t\t\t<\/div>\n\t\t<\/section>\n\t\t\t\t<section class=\"elementor-section elementor-top-section elementor-element elementor-element-8c328df elementor-section-boxed elementor-section-height-default elementor-section-height-default\" data-id=\"8c328df\" data-element_type=\"section\">\n\t\t\t\t\t\t<div class=\"elementor-container elementor-column-gap-extended\">\n\t\t\t\t\t\t\t<div class=\"elementor-row\">\n\t\t\t\t\t<div class=\"elementor-column elementor-col-100 elementor-top-column elementor-element elementor-element-dca0f96 sc_layouts_column_icons_position_left\" data-id=\"dca0f96\" data-element_type=\"column\">\n\t\t\t<div class=\"elementor-column-wrap elementor-element-populated\">\n\t\t\t\t\t\t\t<div class=\"elementor-widget-wrap\">\n\t\t\t\t\t\t<div class=\"elementor-element elementor-element-d5cfe0f sc_fly_static elementor-widget elementor-widget-heading\" data-id=\"d5cfe0f\" data-element_type=\"widget\" data-widget_type=\"heading.default\">\n\t\t\t\t<div class=\"elementor-widget-container\">\n\t\t\t<h1 class=\"elementor-heading-title elementor-size-default\">Marisa Ferretti Barth<\/h1>\t\t<\/div>\n\t\t\t\t<\/div>\n\t\t\t\t\t\t<\/div>\n\t\t\t\t\t<\/div>\n\t\t<\/div>\n\t\t\t\t\t\t\t\t<\/div>\n\t\t\t\t\t<\/div>\n\t\t<\/section>\n\t\t\t\t<section class=\"elementor-section elementor-top-section elementor-element elementor-element-3281f7f elementor-section-boxed elementor-section-height-default elementor-section-height-default\" data-id=\"3281f7f\" data-element_type=\"section\">\n\t\t\t\t\t\t<div class=\"elementor-container elementor-column-gap-extended\">\n\t\t\t\t\t\t\t<div class=\"elementor-row\">\n\t\t\t\t\t<div class=\"elementor-column elementor-col-50 elementor-top-column elementor-element elementor-element-811ff88 sc_layouts_column_icons_position_left\" data-id=\"811ff88\" data-element_type=\"column\">\n\t\t\t<div class=\"elementor-column-wrap elementor-element-populated\">\n\t\t\t\t\t\t\t<div class=\"elementor-widget-wrap\">\n\t\t\t\t\t\t<div class=\"elementor-element elementor-element-51e63e9 elementor-tabs-view-horizontal sc_fly_static elementor-widget elementor-widget-tabs\" data-id=\"51e63e9\" data-element_type=\"widget\" data-widget_type=\"tabs.default\">\n\t\t\t\t<div class=\"elementor-widget-container\">\n\t\t\t\t\t<div class=\"elementor-tabs\">\n\t\t\t<div class=\"elementor-tabs-wrapper\" role=\"tablist\" >\n\t\t\t\t\t\t\t\t\t<div id=\"elementor-tab-title-8581\" class=\"elementor-tab-title elementor-tab-desktop-title\" aria-selected=\"true\" data-tab=\"1\" role=\"tab\" tabindex=\"0\" aria-controls=\"elementor-tab-content-8581\" aria-expanded=\"false\">Awards<\/div>\n\t\t\t\t\t\t\t\t\t<div id=\"elementor-tab-title-8582\" class=\"elementor-tab-title elementor-tab-desktop-title\" aria-selected=\"false\" data-tab=\"2\" role=\"tab\" tabindex=\"-1\" aria-controls=\"elementor-tab-content-8582\" aria-expanded=\"false\">Achievements<\/div>\n\t\t\t\t\t\t\t\t\t<div id=\"elementor-tab-title-8583\" class=\"elementor-tab-title elementor-tab-desktop-title\" aria-selected=\"false\" data-tab=\"3\" role=\"tab\" tabindex=\"-1\" aria-controls=\"elementor-tab-content-8583\" aria-expanded=\"false\">Origin<\/div>\n\t\t\t\t\t\t\t\t\t<div id=\"elementor-tab-title-8584\" class=\"elementor-tab-title elementor-tab-desktop-title\" aria-selected=\"false\" data-tab=\"4\" role=\"tab\" tabindex=\"-1\" aria-controls=\"elementor-tab-content-8584\" aria-expanded=\"false\">Legacy<\/div>\n\t\t\t\t\t\t\t<\/div>\n\t\t\t<div class=\"elementor-tabs-content-wrapper\" role=\"tablist\" aria-orientation=\"vertical\">\n\t\t\t\t\t\t\t\t\t<div class=\"elementor-tab-title elementor-tab-mobile-title\" aria-selected=\"true\" data-tab=\"1\" role=\"tab\" tabindex=\"0\" aria-controls=\"elementor-tab-content-8581\" aria-expanded=\"false\">Awards<\/div>\n\t\t\t\t\t<div id=\"elementor-tab-content-8581\" class=\"elementor-tab-content elementor-clearfix\" data-tab=\"1\" role=\"tabpanel\" aria-labelledby=\"elementor-tab-title-8581\" tabindex=\"0\" hidden=\"false\"><p>In June 2008, Senator Ferretti Barth received a title under the Ordre national du Qu\u00e9bec, and in 2009, was honoured for all her work by the Desjardins Group and received the Qu\u00e9bec Lieutenant Governor\u2019s Seniors Medal.<\/p><p>More recently, she was the recipient of the Prix Hommage A\u00een\u00e9s from the Montreal Steering Committee on Seniors (Table de concertation des a\u00een\u00e9s de l\u2019\u00eele de Montr\u00e9al) in 2010 and the Prix Grand-A\u00een\u00e9e from the University of Montreal Observatory on Ageing and Society in 2015. In 2018, she was named Officer of the Ordre de Montr\u00e9al.<\/p><p>A recipient of several honours for her community and civic involvement, Senator Ferretti Barth was named Woman of the Year for social and humanitarian activities in 1986 and was named Grand Officer of the Order of Merit of the Italian Republic in 2008.<\/p><\/div>\n\t\t\t\t\t\t\t\t\t<div class=\"elementor-tab-title elementor-tab-mobile-title\" aria-selected=\"false\" data-tab=\"2\" role=\"tab\" tabindex=\"-1\" aria-controls=\"elementor-tab-content-8582\" aria-expanded=\"false\">Achievements<\/div>\n\t\t\t\t\t<div id=\"elementor-tab-content-8582\" class=\"elementor-tab-content elementor-clearfix\" data-tab=\"2\" role=\"tabpanel\" aria-labelledby=\"elementor-tab-title-8582\" tabindex=\"0\" hidden=\"hidden\"><p>She founded the Il Campanello d\u2019Oro (The Golden Bell) choir, which, for more than 36 years, has given seniors the opportunity to share their outstanding voices. She also founded the Les Papillons folkloric dance group, which showcases the talent and ardour of senior dancers.<\/p><p>Realizing that there was a serious lack of resources for seniors, especially Italian-Canadians, throughout 1973 to 1974, Senator Ferretti Barth founded the CRAIC (Consiglio Regionale degli Anziani Italo-Canadesi, or Regional Council for Italian Canadian Seniors).<\/p><p>From 1974 to 2008, she held several posts at CRAIC, including social worker, human resources adviser, community organizer, managing director, vice-president and president. Outside of CRAIC, she was president of the Italian Community Assistance Association (Associazione Italiana Assistenza Collettivit\u00e0 \u2013 AIAC) from 1991 to 2008.<\/p><p>Senator Ferretti Barth has consistently played an integral role at CRAIC. Over the years, she has set up 84 clubs, several committees and several services, some of which are targeted at particularly disadvantaged groups.<\/p><\/div>\n\t\t\t\t\t\t\t\t\t<div class=\"elementor-tab-title elementor-tab-mobile-title\" aria-selected=\"false\" data-tab=\"3\" role=\"tab\" tabindex=\"-1\" aria-controls=\"elementor-tab-content-8583\" aria-expanded=\"false\">Origin<\/div>\n\t\t\t\t\t<div id=\"elementor-tab-content-8583\" class=\"elementor-tab-content elementor-clearfix\" data-tab=\"3\" role=\"tabpanel\" aria-labelledby=\"elementor-tab-title-8583\" tabindex=\"0\" hidden=\"hidden\">Born in Ascoli Piceno Italy, Senator Ferretti Barth lived in Italy and Switzerland until 1963, when she immigrated to Qu\u00e9bec. She quickly integrated herself into the community. In the early 1970s, she became an immigration counsellor, then an Italian community service organizer.  <\/div>\n\t\t\t\t\t\t\t\t\t<div class=\"elementor-tab-title elementor-tab-mobile-title\" aria-selected=\"false\" data-tab=\"4\" role=\"tab\" tabindex=\"-1\" aria-controls=\"elementor-tab-content-8584\" aria-expanded=\"false\">Legacy<\/div>\n\t\t\t\t\t<div id=\"elementor-tab-content-8584\" class=\"elementor-tab-content elementor-clearfix\" data-tab=\"4\" role=\"tabpanel\" aria-labelledby=\"elementor-tab-title-8584\" tabindex=\"0\" hidden=\"hidden\"><p>Senator Ferretti Barth has participated in the establishment of several other organizations (especially golden age clubs) for different groups, including people of Afghan, Chinese, Lebanese Syrian and Russian origin. She has been part of committees, councils and other groups addressing seniors, including the National Advisory Council on Aging and the Qu\u00e9bec Seniors Council (Conseil des a\u00een\u00e9s du Qu\u00e9bec).<\/p><p>Senator Ferretti Barth has played the role of intermediary and representative of our elders, given her firsthand knowledge of their plight. Her work has made it possible to reduce the isolation of many seniors and facilitate their integration into all areas of Quebec society. One of her more concrete initiatives has been Les Jardins d\u2019Italie, which is a large residential complex built in 2007 for Italian Canadian seniors in the Montreal borough of Saint-L\u00e9onard.<\/p><p>On March 28, 2021, our beloved Honorable Ferretti Barth passed away leaving behind a legacy and an organization dedicated to helping our communities. Her love for the CRAIC will never be forgotten. She left a dedicated team that will continue the outstanding work she created.<\/p><\/div>\n\t\t\t\t\t\t\t<\/div>\n\t\t<\/div>\n\t\t\t\t<\/div>\n\t\t\t\t<\/div>\n\t\t\t\t\t\t<\/div>\n\t\t\t\t\t<\/div>\n\t\t<\/div>\n\t\t\t\t<div class=\"elementor-column elementor-col-50 elementor-top-column elementor-element elementor-element-933f824 sc_layouts_column_icons_position_left\" data-id=\"933f824\" data-element_type=\"column\">\n\t\t\t<div class=\"elementor-column-wrap elementor-element-populated\">\n\t\t\t\t\t\t\t<div class=\"elementor-widget-wrap\">\n\t\t\t\t\t\t<div class=\"elementor-element elementor-element-bcc247e sc_fly_static elementor-widget elementor-widget-image\" data-id=\"bcc247e\" data-element_type=\"widget\" data-widget_type=\"image.default\">\n\t\t\t\t<div class=\"elementor-widget-container\">\n\t\t\t\t\t\t\t\t<div class=\"elementor-image\">\n\t\t\t\t\t\t\t\t\t\t\t\t<img decoding=\"async\" width=\"768\" height=\"1024\" src=\"https:\/\/craic.ca\/wp-content\/uploads\/2021\/06\/marisa_ferretti_barth.jpg\" class=\"attachment-large size-large wp-image-2505\" alt=\"\" srcset=\"https:\/\/craic.ca\/wp-content\/uploads\/2021\/06\/marisa_ferretti_barth.jpg 768w, https:\/\/craic.ca\/wp-content\/uploads\/2021\/06\/marisa_ferretti_barth-225x300.jpg 225w, https:\/\/craic.ca\/wp-content\/uploads\/2021\/06\/marisa_ferretti_barth-370x493.jpg 370w, https:\/\/craic.ca\/wp-content\/uploads\/2021\/06\/marisa_ferretti_barth-760x1013.jpg 760w, https:\/\/craic.ca\/wp-content\/uploads\/2021\/06\/marisa_ferretti_barth-570x760.jpg 570w\" sizes=\"(max-width: 768px) 100vw, 768px\" \/>\t\t\t\t\t\t\t\t\t\t\t\t\t\t<\/div>\n\t\t\t\t\t\t<\/div>\n\t\t\t\t<\/div>\n\t\t\t\t\t\t<\/div>\n\t\t\t\t\t<\/div>\n\t\t<\/div>\n\t\t\t\t\t\t\t\t<\/div>\n\t\t\t\t\t<\/div>\n\t\t<\/section>\n\t\t\t\t\t\t\t\t\t<\/div>\n\t\t\t<\/div>\n\t\t\t\t\t<\/div>\n\t\t","protected":false},"excerpt":{"rendered":"<p>For over 50 years, the late Senator Marisa Ferretti Barth has dedicated herself to the well-being of fellow citizens, in particular seniors from the Italian-Qu\u00e9becois&hellip;<\/p>\n","protected":false},"author":1,"featured_media":0,"parent":0,"menu_order":0,"comment_status":"closed","ping_status":"closed","template":"","meta":{"footnotes":""},"class_list":["post-2486","page","type-page","status-publish","hentry"],"yoast_head":"<!-- This site is optimized with the Yoast SEO plugin v20.6 - https:\/\/yoast.com\/wordpress\/plugins\/seo\/ -->\n<title>Our Founder - CRAIC<\/title>\n<meta name=\"robots\" content=\"index, follow, max-snippet:-1, max-image-preview:large, max-video-preview:-1\" \/>\n<link rel=\"canonical\" href=\"https:\/\/craic.ca\/en\/our-founder\/\" \/>\n<meta property=\"og:locale\" content=\"en_US\" \/>\n<meta property=\"og:type\" content=\"article\" \/>\n<meta property=\"og:title\" content=\"Our Founder - CRAIC\" \/>\n<meta property=\"og:description\" content=\"For over 50 years, the late Senator Marisa Ferretti Barth has dedicated herself to the well-being of fellow citizens, in particular seniors from the Italian-Qu\u00e9becois&hellip;\" \/>\n<meta property=\"og:url\" content=\"https:\/\/craic.ca\/en\/our-founder\/\" \/>\n<meta property=\"og:site_name\" content=\"CRAIC\" \/>\n<meta property=\"article:publisher\" content=\"https:\/\/www.facebook.com\/ConseilRegionaldesPersonnesageesItaloCanadiennes\" \/>\n<meta property=\"article:modified_time\" content=\"2022-04-26T13:45:55+00:00\" \/>\n<meta property=\"og:image\" content=\"https:\/\/craic.ca\/wp-content\/uploads\/2021\/06\/marisa_ferretti_barth.jpg\" \/>\n<meta name=\"twitter:card\" content=\"summary_large_image\" \/>\n<meta name=\"twitter:label1\" content=\"Est. reading time\" \/>\n\t<meta name=\"twitter:data1\" content=\"3 minutes\" \/>\n<script type=\"application\/ld+json\" class=\"yoast-schema-graph\">{\"@context\":\"https:\/\/schema.org\",\"@graph\":[{\"@type\":\"WebPage\",\"@id\":\"https:\/\/craic.ca\/en\/our-founder\/\",\"url\":\"https:\/\/craic.ca\/en\/our-founder\/\",\"name\":\"Our Founder - CRAIC\",\"isPartOf\":{\"@id\":\"https:\/\/craic.ca\/en\/#website\"},\"datePublished\":\"2021-06-08T21:45:03+00:00\",\"dateModified\":\"2022-04-26T13:45:55+00:00\",\"breadcrumb\":{\"@id\":\"https:\/\/craic.ca\/en\/our-founder\/#breadcrumb\"},\"inLanguage\":\"en-US\",\"potentialAction\":[{\"@type\":\"ReadAction\",\"target\":[\"https:\/\/craic.ca\/en\/our-founder\/\"]}]},{\"@type\":\"BreadcrumbList\",\"@id\":\"https:\/\/craic.ca\/en\/our-founder\/#breadcrumb\",\"itemListElement\":[{\"@type\":\"ListItem\",\"position\":1,\"name\":\"Home\",\"item\":\"https:\/\/craic.ca\/en\/\"},{\"@type\":\"ListItem\",\"position\":2,\"name\":\"Our Founder\"}]},{\"@type\":\"WebSite\",\"@id\":\"https:\/\/craic.ca\/en\/#website\",\"url\":\"https:\/\/craic.ca\/en\/\",\"name\":\"CRAIC\",\"description\":\"Conseil R&eacute;gional des Personnes Ag&eacute;es Italo-Canadiennes\",\"publisher\":{\"@id\":\"https:\/\/craic.ca\/en\/#organization\"},\"potentialAction\":[{\"@type\":\"SearchAction\",\"target\":{\"@type\":\"EntryPoint\",\"urlTemplate\":\"https:\/\/craic.ca\/en\/?s={search_term_string}\"},\"query-input\":\"required name=search_term_string\"}],\"inLanguage\":\"en-US\"},{\"@type\":\"Organization\",\"@id\":\"https:\/\/craic.ca\/en\/#organization\",\"name\":\"CRAIC\",\"url\":\"https:\/\/craic.ca\/en\/\",\"logo\":{\"@type\":\"ImageObject\",\"inLanguage\":\"en-US\",\"@id\":\"https:\/\/craic.ca\/en\/#\/schema\/logo\/image\/\",\"url\":\"https:\/\/craic.ca\/wp-content\/uploads\/2021\/06\/logo_nome.gif\",\"contentUrl\":\"https:\/\/craic.ca\/wp-content\/uploads\/2021\/06\/logo_nome.gif\",\"width\":1899,\"height\":595,\"caption\":\"CRAIC\"},\"image\":{\"@id\":\"https:\/\/craic.ca\/en\/#\/schema\/logo\/image\/\"},\"sameAs\":[\"https:\/\/www.facebook.com\/ConseilRegionaldesPersonnesageesItaloCanadiennes\"]}]}<\/script>\n<!-- \/ Yoast SEO plugin. -->","yoast_head_json":{"title":"Our Founder - CRAIC","robots":{"index":"index","follow":"follow","max-snippet":"max-snippet:-1","max-image-preview":"max-image-preview:large","max-video-preview":"max-video-preview:-1"},"canonical":"https:\/\/craic.ca\/en\/our-founder\/","og_locale":"en_US","og_type":"article","og_title":"Our Founder - CRAIC","og_description":"For over 50 years, the late Senator Marisa Ferretti Barth has dedicated herself to the well-being of fellow citizens, in particular seniors from the Italian-Qu\u00e9becois&hellip;","og_url":"https:\/\/craic.ca\/en\/our-founder\/","og_site_name":"CRAIC","article_publisher":"https:\/\/www.facebook.com\/ConseilRegionaldesPersonnesageesItaloCanadiennes","article_modified_time":"2022-04-26T13:45:55+00:00","og_image":[{"url":"https:\/\/craic.ca\/wp-content\/uploads\/2021\/06\/marisa_ferretti_barth.jpg"}],"twitter_card":"summary_large_image","twitter_misc":{"Est. reading time":"3 minutes"},"schema":{"@context":"https:\/\/schema.org","@graph":[{"@type":"WebPage","@id":"https:\/\/craic.ca\/en\/our-founder\/","url":"https:\/\/craic.ca\/en\/our-founder\/","name":"Our Founder - CRAIC","isPartOf":{"@id":"https:\/\/craic.ca\/en\/#website"},"datePublished":"2021-06-08T21:45:03+00:00","dateModified":"2022-04-26T13:45:55+00:00","breadcrumb":{"@id":"https:\/\/craic.ca\/en\/our-founder\/#breadcrumb"},"inLanguage":"en-US","potentialAction":[{"@type":"ReadAction","target":["https:\/\/craic.ca\/en\/our-founder\/"]}]},{"@type":"BreadcrumbList","@id":"https:\/\/craic.ca\/en\/our-founder\/#breadcrumb","itemListElement":[{"@type":"ListItem","position":1,"name":"Home","item":"https:\/\/craic.ca\/en\/"},{"@type":"ListItem","position":2,"name":"Our Founder"}]},{"@type":"WebSite","@id":"https:\/\/craic.ca\/en\/#website","url":"https:\/\/craic.ca\/en\/","name":"CRAIC","description":"Conseil R&eacute;gional des Personnes Ag&eacute;es Italo-Canadiennes","publisher":{"@id":"https:\/\/craic.ca\/en\/#organization"},"potentialAction":[{"@type":"SearchAction","target":{"@type":"EntryPoint","urlTemplate":"https:\/\/craic.ca\/en\/?s={search_term_string}"},"query-input":"required name=search_term_string"}],"inLanguage":"en-US"},{"@type":"Organization","@id":"https:\/\/craic.ca\/en\/#organization","name":"CRAIC","url":"https:\/\/craic.ca\/en\/","logo":{"@type":"ImageObject","inLanguage":"en-US","@id":"https:\/\/craic.ca\/en\/#\/schema\/logo\/image\/","url":"https:\/\/craic.ca\/wp-content\/uploads\/2021\/06\/logo_nome.gif","contentUrl":"https:\/\/craic.ca\/wp-content\/uploads\/2021\/06\/logo_nome.gif","width":1899,"height":595,"caption":"CRAIC"},"image":{"@id":"https:\/\/craic.ca\/en\/#\/schema\/logo\/image\/"},"sameAs":["https:\/\/www.facebook.com\/ConseilRegionaldesPersonnesageesItaloCanadiennes"]}]}},"_links":{"self":[{"href":"https:\/\/craic.ca\/en\/wp-json\/wp\/v2\/pages\/2486","targetHints":{"allow":["GET"]}}],"collection":[{"href":"https:\/\/craic.ca\/en\/wp-json\/wp\/v2\/pages"}],"about":[{"href":"https:\/\/craic.ca\/en\/wp-json\/wp\/v2\/types\/page"}],"author":[{"embeddable":true,"href":"https:\/\/craic.ca\/en\/wp-json\/wp\/v2\/users\/1"}],"replies":[{"embeddable":true,"href":"https:\/\/craic.ca\/en\/wp-json\/wp\/v2\/comments?post=2486"}],"version-history":[{"count":64,"href":"https:\/\/craic.ca\/en\/wp-json\/wp\/v2\/pages\/2486\/revisions"}],"predecessor-version":[{"id":5510,"href":"https:\/\/craic.ca\/en\/wp-json\/wp\/v2\/pages\/2486\/revisions\/5510"}],"wp:attachment":[{"href":"https:\/\/craic.ca\/en\/wp-json\/wp\/v2\/media?parent=2486"}],"curies":[{"name":"wp","href":"https:\/\/api.w.org\/{rel}","templated":true}]}}